{"id":423,"date":"2025-12-12T16:37:40","date_gmt":"2025-12-12T22:37:40","guid":{"rendered":"https:\/\/transporteejecutivomty.com\/?page_id=423"},"modified":"2026-03-15T17:32:40","modified_gmt":"2026-03-15T23:32:40","slug":"facturacion","status":"publish","type":"page","link":"https:\/\/transporteejecutivomty.com\/en\/facturacion\/","title":{"rendered":"Facturacion"},"content":{"rendered":"<p>[et_pb_section fb_built=&#8221;1&#8243; _builder_version=&#8221;4.27.4&#8243; _module_preset=&#8221;default&#8221; background_color=&#8221;#000000&#8243; global_colors_info=&#8221;{}&#8221;][et_pb_row _builder_version=&#8221;4.27.4&#8243; _module_preset=&#8221;default&#8221; global_colors_info=&#8221;{}&#8221;][et_pb_column type=&#8221;4_4&#8243; _builder_version=&#8221;4.27.4&#8243; _module_preset=&#8221;default&#8221; global_colors_info=&#8221;{}&#8221;][et_pb_code _builder_version=&#8221;4.27.4&#8243; _module_preset=&#8221;default&#8221; hover_enabled=&#8221;0&#8243; global_colors_info=&#8221;{}&#8221; sticky_enabled=&#8221;0&#8243;]<\/p>\n<style> <!-- [et_pb_line_break_holder] -->.facturacion-wrap{<!-- [et_pb_line_break_holder] -->  max-width:1100px;<!-- [et_pb_line_break_holder] -->  margin:auto;<!-- [et_pb_line_break_holder] -->  padding:40px 20px;<!-- [et_pb_line_break_holder] -->  display:grid;<!-- [et_pb_line_break_holder] -->  grid-template-columns: 1fr 1fr;<!-- [et_pb_line_break_holder] -->  gap:40px;<!-- [et_pb_line_break_holder] -->  align-items:flex-start;<!-- [et_pb_line_break_holder] -->}<!-- [et_pb_line_break_holder] --><!-- [et_pb_line_break_holder] -->@media(max-width:900px){<!-- [et_pb_line_break_holder] -->  .facturacion-wrap{<!-- [et_pb_line_break_holder] -->    grid-template-columns:1fr;<!-- [et_pb_line_break_holder] -->  }<!-- [et_pb_line_break_holder] -->}<!-- [et_pb_line_break_holder] --><!-- [et_pb_line_break_holder] -->.facturacion-info{<!-- [et_pb_line_break_holder] -->  background:#0f0f0f;<!-- [et_pb_line_break_holder] -->  border:2px solid #d4af37;<!-- [et_pb_line_break_holder] -->  border-radius:14px;<!-- [et_pb_line_break_holder] -->  padding:25px;<!-- [et_pb_line_break_holder] -->  color:#fff;<!-- [et_pb_line_break_holder] -->}<!-- [et_pb_line_break_holder] --><!-- [et_pb_line_break_holder] -->.facturacion-info h2{<!-- [et_pb_line_break_holder] -->  color:#d4af37;<!-- [et_pb_line_break_holder] -->  margin-bottom:15px;<!-- [et_pb_line_break_holder] -->  font-size:26px;<!-- [et_pb_line_break_holder] -->}<!-- [et_pb_line_break_holder] --><!-- [et_pb_line_break_holder] -->.facturacion-info p{<!-- [et_pb_line_break_holder] -->  line-height:1.6;<!-- [et_pb_line_break_holder] -->  margin-bottom:15px;<!-- [et_pb_line_break_holder] -->}<!-- [et_pb_line_break_holder] --><!-- [et_pb_line_break_holder] -->.facturacion-info img{<!-- [et_pb_line_break_holder] -->  width:100%;<!-- [et_pb_line_break_holder] -->  border-radius:10px;<!-- [et_pb_line_break_holder] -->  border:1px solid #444;<!-- [et_pb_line_break_holder] -->}<!-- [et_pb_line_break_holder] --><!-- [et_pb_line_break_holder] -->.facturacion-form{<!-- [et_pb_line_break_holder] -->  background:#111;<!-- [et_pb_line_break_holder] -->  border:2px solid #d4af37;<!-- [et_pb_line_break_holder] -->  border-radius:14px;<!-- [et_pb_line_break_holder] -->  padding:25px;<!-- [et_pb_line_break_holder] -->  color:#fff;<!-- [et_pb_line_break_holder] -->}<!-- [et_pb_line_break_holder] --><!-- [et_pb_line_break_holder] -->.facturacion-form h2{<!-- [et_pb_line_break_holder] -->  text-align:center;<!-- [et_pb_line_break_holder] -->  color:#d4af37;<!-- [et_pb_line_break_holder] -->  margin-bottom:10px;<!-- [et_pb_line_break_holder] -->}<!-- [et_pb_line_break_holder] --><!-- [et_pb_line_break_holder] -->.facturacion-form label{<!-- [et_pb_line_break_holder] -->  font-weight:600;<!-- [et_pb_line_break_holder] -->  display:block;<!-- [et_pb_line_break_holder] -->  margin-bottom:5px;<!-- [et_pb_line_break_holder] -->}<!-- [et_pb_line_break_holder] --><!-- [et_pb_line_break_holder] -->.facturacion-form input,<!-- [et_pb_line_break_holder] -->.facturacion-form select,<!-- [et_pb_line_break_holder] -->.facturacion-form textarea{<!-- [et_pb_line_break_holder] -->  width:100%;<!-- [et_pb_line_break_holder] -->  padding:10px;<!-- [et_pb_line_break_holder] -->  margin-bottom:15px;<!-- [et_pb_line_break_holder] -->  border-radius:6px;<!-- [et_pb_line_break_holder] -->  border:none;<!-- [et_pb_line_break_holder] -->}<!-- [et_pb_line_break_holder] --><!-- [et_pb_line_break_holder] -->.facturacion-form button{<!-- [et_pb_line_break_holder] -->  width:100%;<!-- [et_pb_line_break_holder] -->  padding:15px;<!-- [et_pb_line_break_holder] -->  font-weight:bold;<!-- [et_pb_line_break_holder] -->  border:none;<!-- [et_pb_line_break_holder] -->  border-radius:8px;<!-- [et_pb_line_break_holder] -->  cursor:pointer;<!-- [et_pb_line_break_holder] -->}<!-- [et_pb_line_break_holder] --><!-- [et_pb_line_break_holder] -->.btn-email{<!-- [et_pb_line_break_holder] -->  background:#d4af37;<!-- [et_pb_line_break_holder] -->  color:#000;<!-- [et_pb_line_break_holder] -->}<!-- [et_pb_line_break_holder] --><!-- [et_pb_line_break_holder] -->.btn-wa{<!-- [et_pb_line_break_holder] -->  background:#25D366;<!-- [et_pb_line_break_holder] -->  color:#fff;<!-- [et_pb_line_break_holder] -->  margin-top:10px;<!-- [et_pb_line_break_holder] -->}<!-- [et_pb_line_break_holder] --><!-- [et_pb_line_break_holder] -->.facturacion-form button:disabled{<!-- [et_pb_line_break_holder] -->  opacity:.55;<!-- [et_pb_line_break_holder] -->  cursor:not-allowed;<!-- [et_pb_line_break_holder] -->}<!-- [et_pb_line_break_holder] --><!-- [et_pb_line_break_holder] -->#formResponse{<!-- [et_pb_line_break_holder] -->  margin-top:15px;<!-- [et_pb_line_break_holder] -->  text-align:center;<!-- [et_pb_line_break_holder] -->  font-size:16px;<!-- [et_pb_line_break_holder] -->  color:#d4af37;<!-- [et_pb_line_break_holder] -->}<!-- [et_pb_line_break_holder] --><\/style>\n<p><!-- [et_pb_line_break_holder] --><!-- [et_pb_line_break_holder] --><\/p>\n<div class=\"facturacion-wrap\"><!-- [et_pb_line_break_holder] --><!-- [et_pb_line_break_holder] -->  <!-- INFO IZQUIERDA --><!-- [et_pb_line_break_holder] -->  <\/p>\n<div class=\"facturacion-info\"><!-- [et_pb_line_break_holder] -->    <\/p>\n<h2>Facturaci\u00f3n Electr\u00f3nica<\/h2>\n<p><!-- [et_pb_line_break_holder] -->    <pee><!-- [et_pb_line_break_holder] -->      Para emitir su factura electr\u00f3nica, es necesario contar con la informaci\u00f3n<!-- [et_pb_line_break_holder] -->      fiscal correcta y el comprobante de su servicio.<!-- [et_pb_line_break_holder] -->    <\/pee><!-- [et_pb_line_break_holder] -->    <pee><!-- [et_pb_line_break_holder] -->      A continuaci\u00f3n puede ver un ejemplo de la nota que entrega el chofer.<!-- [et_pb_line_break_holder] -->      Esta informaci\u00f3n nos permite identificar su servicio.<!-- [et_pb_line_break_holder] -->    <\/pee><!-- [et_pb_line_break_holder] -->    <img decoding=\"async\" src=\"https:\/\/transporteejecutivomty.com\/wp-content\/uploads\/2025\/12\/NOTA.jpg\" alt=\"Ejemplo de nota de servicio\"><!-- [et_pb_line_break_holder] --><!-- [et_pb_line_break_holder] -->    <pee style=\"margin-top:15px;font-size:14px;opacity:.9;\"><!-- [et_pb_line_break_holder] -->      Si tiene dudas, puede enviarnos su informaci\u00f3n tambi\u00e9n por WhatsApp.<!-- [et_pb_line_break_holder] -->    <\/pee><!-- [et_pb_line_break_holder] -->  <\/div>\n<p><!-- [et_pb_line_break_holder] --><!-- [et_pb_line_break_holder] -->  <\/p>\n<div class=\"facturacion-form\"><!-- [et_pb_line_break_holder] --><!-- [et_pb_line_break_holder] -->    <\/p>\n<h2>Solicitud de Factura<\/h2>\n<p><!-- [et_pb_line_break_holder] -->    <pee style=\"text-align:center;margin-bottom:20px;\"><!-- [et_pb_line_break_holder] -->      Campos obligatorios marcados con *<!-- [et_pb_line_break_holder] -->    <\/pee><!-- [et_pb_line_break_holder] --><!-- [et_pb_line_break_holder] -->    <\/p>\n<form id=\"facturaForm\" enctype=\"multipart\/form-data\"><!-- [et_pb_line_break_holder] --><!-- [et_pb_line_break_holder] -->      <label>Correo electr\u00f3nico *<\/label><!-- [et_pb_line_break_holder] -->      <input type=\"email\" name=\"correo\" required><!-- [et_pb_line_break_holder] --><!-- [et_pb_line_break_holder] -->      <label>Nombre o Raz\u00f3n Social *<\/label><!-- [et_pb_line_break_holder] -->      <input type=\"text\" name=\"nombre\" required><!-- [et_pb_line_break_holder] --><!-- [et_pb_line_break_holder] -->      <label>RFC *<\/label><!-- [et_pb_line_break_holder] -->      <input type=\"text\" name=\"rfc\" required><!-- [et_pb_line_break_holder] --><!-- [et_pb_line_break_holder] -->      <label>R\u00e9gimen Fiscal *<\/label><!-- [et_pb_line_break_holder] -->      <select name=\"regimen\" required><!-- [et_pb_line_break_holder] --><option value=\"\">Seleccione su r\u00e9gimen fiscal<\/option><!-- [et_pb_line_break_holder] --><option value=\"601\">601 \u2013 General de Ley Personas Morales<\/option><!-- [et_pb_line_break_holder] --><option value=\"603\">603 \u2013 Personas Morales con Fines no Lucrativos<\/option><!-- [et_pb_line_break_holder] --><option value=\"605\">605 \u2013 Sueldos y Salarios<\/option><!-- [et_pb_line_break_holder] --><option value=\"606\">606 \u2013 Arrendamiento<\/option><!-- [et_pb_line_break_holder] --><option value=\"608\">608 \u2013 Dem\u00e1s ingresos<\/option><!-- [et_pb_line_break_holder] --><option value=\"610\">610 \u2013 Residentes en el Extranjero<\/option><!-- [et_pb_line_break_holder] --><option value=\"612\">612 \u2013 Personas F\u00edsicas con Actividades Empresariales<\/option><!-- [et_pb_line_break_holder] --><option value=\"621\">621 \u2013 Incorporaci\u00f3n Fiscal<\/option><!-- [et_pb_line_break_holder] --><option value=\"625\">625 \u2013 R\u00e9gimen Simplificado de Confianza (RESICO)<\/option><!-- [et_pb_line_break_holder] -->      <\/select><!-- [et_pb_line_break_holder] --><!-- [et_pb_line_break_holder] -->      <label>M\u00e9todo de Pago *<\/label><!-- [et_pb_line_break_holder] -->      <select name=\"metodo\" required><!-- [et_pb_line_break_holder] --><option value=\"\">Seleccione m\u00e9todo<\/option><!-- [et_pb_line_break_holder] --><option>Tarjeta de Cr\u00e9dito<\/option><!-- [et_pb_line_break_holder] --><option>Tarjeta de D\u00e9bito<\/option><!-- [et_pb_line_break_holder] --><option>Transferencia<\/option><!-- [et_pb_line_break_holder] --><option>Efectivo<\/option><!-- [et_pb_line_break_holder] -->      <\/select><!-- [et_pb_line_break_holder] --><label>Monto total a facturar (MXN) *<\/label><!-- [et_pb_line_break_holder] --><input type=\"number\" name=\"monto\" step=\"0.01\" min=\"1\" placeholder=\"Ej. 1850.00\" required><!-- [et_pb_line_break_holder] -->      <label>Ticket \/ Nota *<\/label><!-- [et_pb_line_break_holder] -->      <input type=\"file\" name=\"archivo1\" required accept=\"image\/*,application\/pdf\"><!-- [et_pb_line_break_holder] --><!-- [et_pb_line_break_holder] -->      <label>Constancia Fiscal *<\/label><!-- [et_pb_line_break_holder] -->      <input type=\"file\" name=\"archivo2\" required accept=\"image\/*,application\/pdf\"><!-- [et_pb_line_break_holder] --><!-- [et_pb_line_break_holder] -->      <label>Mensaje adicional<\/label><!-- [et_pb_line_break_holder] -->      <textarea name=\"mensaje\"><\/textarea><!-- [et_pb_line_break_holder] --><!-- [et_pb_line_break_holder] -->      <button type=\"submit\" class=\"btn-email\" id=\"btnEmail\"><!-- [et_pb_line_break_holder] -->        Enviar por correo electr\u00f3nico<!-- [et_pb_line_break_holder] -->      <\/button><!-- [et_pb_line_break_holder] --><!-- [et_pb_line_break_holder] -->      <button type=\"button\" id=\"sendWA\" class=\"btn-wa\"><!-- [et_pb_line_break_holder] -->        Enviar por WhatsApp<!-- [et_pb_line_break_holder] -->      <\/button><!-- [et_pb_line_break_holder] --><!-- [et_pb_line_break_holder] -->    <\/form>\n<p><!-- [et_pb_line_break_holder] --><!-- [et_pb_line_break_holder] -->    <\/p>\n<div id=\"formResponse\"><\/div>\n<p><!-- [et_pb_line_break_holder] --><!-- [et_pb_line_break_holder] -->  <\/div>\n<p><!-- [et_pb_line_break_holder] --><!-- [et_pb_line_break_holder] --><\/div>\n<p><!-- [et_pb_line_break_holder] --><script><!-- [et_pb_line_break_holder] -->document.addEventListener(\"DOMContentLoaded\", function(){<!-- [et_pb_line_break_holder] --><!-- [et_pb_line_break_holder] -->  const form = document.getElementById(\"facturaForm\");<!-- [et_pb_line_break_holder] -->  const responseBox = document.getElementById(\"formResponse\");<!-- [et_pb_line_break_holder] --><!-- [et_pb_line_break_holder] -->  const btnEmail = document.getElementById(\"btnEmail\");<!-- [et_pb_line_break_holder] -->  const btnWA = document.getElementById(\"sendWA\");<!-- [et_pb_line_break_holder] --><!-- [et_pb_line_break_holder] -->  const file1 = document.querySelector(\"[name='archivo1']\");<!-- [et_pb_line_break_holder] -->  const file2 = document.querySelector(\"[name='archivo2']\");<!-- [et_pb_line_break_holder] --><!-- [et_pb_line_break_holder] -->  const mailUrl = \"https:\/\/transporteejecutivomty.com\/factura-mail.php\";<!-- [et_pb_line_break_holder] --><!-- [et_pb_line_break_holder] -->  let sending = false;<!-- [et_pb_line_break_holder] --><!-- [et_pb_line_break_holder] -->  function setMessage(msg, type=\"success\"){<!-- [et_pb_line_break_holder] -->    responseBox.style.color = (type === \"error\") ? \"#ff6b6b\" : \"#d4af37\";<!-- [et_pb_line_break_holder] -->    responseBox.innerHTML = msg;<!-- [et_pb_line_break_holder] -->  }<!-- [et_pb_line_break_holder] --><!-- [et_pb_line_break_holder] -->  function lockButtons(lock=true){<!-- [et_pb_line_break_holder] -->    btnEmail.disabled = lock;<!-- [et_pb_line_break_holder] -->    btnWA.disabled = lock;<!-- [et_pb_line_break_holder] -->  }<!-- [et_pb_line_break_holder] --><!-- [et_pb_line_break_holder] -->  function clearForm(){<!-- [et_pb_line_break_holder] -->    form.reset();<!-- [et_pb_line_break_holder] -->  }<!-- [et_pb_line_break_holder] --><!-- [et_pb_line_break_holder] -->  function setFilesRequired(required){<!-- [et_pb_line_break_holder] -->    if(file1) file1.required = required;<!-- [et_pb_line_break_holder] -->    if(file2) file2.required = required;<!-- [et_pb_line_break_holder] -->  }<!-- [et_pb_line_break_holder] --><!-- [et_pb_line_break_holder] -->  form.addEventListener(\"submit\", function(e){<!-- [et_pb_line_break_holder] -->    e.preventDefault();<!-- [et_pb_line_break_holder] --><!-- [et_pb_line_break_holder] -->    if(sending) return;<!-- [et_pb_line_break_holder] -->    sending = true;<!-- [et_pb_line_break_holder] --><!-- [et_pb_line_break_holder] -->    setFilesRequired(true);<!-- [et_pb_line_break_holder] --><!-- [et_pb_line_break_holder] -->    if(!form.checkValidity()){<!-- [et_pb_line_break_holder] -->      form.reportValidity();<!-- [et_pb_line_break_holder] -->      sending = false;<!-- [et_pb_line_break_holder] -->      return;<!-- [et_pb_line_break_holder] -->    }<!-- [et_pb_line_break_holder] --><!-- [et_pb_line_break_holder] -->    lockButtons(true);<!-- [et_pb_line_break_holder] -->    setMessage(\"\ud83d\udee1\ufe0f\ud83d\udc40 Enviando informaci\u00f3n... por favor espera.\", \"success\");<!-- [et_pb_line_break_holder] --><!-- [et_pb_line_break_holder] -->    const formData = new FormData(form);<!-- [et_pb_line_break_holder] --><!-- [et_pb_line_break_holder] -->    fetch(mailUrl, {<!-- [et_pb_line_break_holder] -->      method: \"POST\",<!-- [et_pb_line_break_holder] -->      body: formData<!-- [et_pb_line_break_holder] -->    })<!-- [et_pb_line_break_holder] -->    .then(res => res.text())<!-- [et_pb_line_break_holder] -->    .then(txt => {<!-- [et_pb_line_break_holder] -->      const result = txt.trim();<!-- [et_pb_line_break_holder] --><!-- [et_pb_line_break_holder] -->      if(result === \"OK\"){<!-- [et_pb_line_break_holder] -->        setMessage(<!-- [et_pb_line_break_holder] -->          \"\u2705\ud83d\udee1\ufe0f\ud83d\udc40 \u00a1Solicitud enviada con \u00e9xito!<!\u2013- [et_pb_br_holder] -\u2013>\" +<!-- [et_pb_line_break_holder] -->          \"\ud83d\udcce Recibimos tu informaci\u00f3n y documentos.<!\u2013- [et_pb_br_holder] -\u2013>\" +<!-- [et_pb_line_break_holder] -->          \"En breve el \u00e1rea de facturaci\u00f3n dar\u00e1 seguimiento.\",<!-- [et_pb_line_break_holder] -->          \"success\"<!-- [et_pb_line_break_holder] -->        );<!-- [et_pb_line_break_holder] -->        clearForm();<!-- [et_pb_line_break_holder] -->      } else {<!-- [et_pb_line_break_holder] -->        setMessage(<!-- [et_pb_line_break_holder] -->          \"\u274c Ocurri\u00f3 un error al enviar la solicitud.<!\u2013- [et_pb_br_holder] -\u2013>\" +<!-- [et_pb_line_break_holder] -->          \"Intenta nuevamente o env\u00edalo por WhatsApp.\",<!-- [et_pb_line_break_holder] -->          \"error\"<!-- [et_pb_line_break_holder] -->        );<!-- [et_pb_line_break_holder] -->      }<!-- [et_pb_line_break_holder] -->    })<!-- [et_pb_line_break_holder] -->    .catch(() => {<!-- [et_pb_line_break_holder] -->      setMessage(<!-- [et_pb_line_break_holder] -->        \"\u274c Error de conexi\u00f3n. Intenta nuevamente o env\u00edalo por WhatsApp.\",<!-- [et_pb_line_break_holder] -->        \"error\"<!-- [et_pb_line_break_holder] -->      );<!-- [et_pb_line_break_holder] -->    })<!-- [et_pb_line_break_holder] -->    .finally(() => {<!-- [et_pb_line_break_holder] -->      sending = false;<!-- [et_pb_line_break_holder] -->      lockButtons(false);<!-- [et_pb_line_break_holder] -->    });<!-- [et_pb_line_break_holder] -->  });<!-- [et_pb_line_break_holder] --><!-- [et_pb_line_break_holder] -->  btnWA.addEventListener(\"click\", function(){<!-- [et_pb_line_break_holder] --><!-- [et_pb_line_break_holder] -->    if(sending) return;<!-- [et_pb_line_break_holder] --><!-- [et_pb_line_break_holder] -->    setFilesRequired(false);<!-- [et_pb_line_break_holder] --><!-- [et_pb_line_break_holder] -->    const correo  = form.querySelector(\"[name='correo']\").value.trim();<!-- [et_pb_line_break_holder] -->    const nombre  = form.querySelector(\"[name='nombre']\").value.trim();<!-- [et_pb_line_break_holder] -->    const rfc     = form.querySelector(\"[name='rfc']\").value.trim();<!-- [et_pb_line_break_holder] -->    const regimen = form.querySelector(\"[name='regimen']\").value.trim();<!-- [et_pb_line_break_holder] -->    const metodo  = form.querySelector(\"[name='metodo']\").value.trim();<!-- [et_pb_line_break_holder] -->    const monto   = form.querySelector(\"[name='monto']\").value.trim();<!-- [et_pb_line_break_holder] -->    const mensaje = form.querySelector(\"[name='mensaje']\").value.trim();<!-- [et_pb_line_break_holder] --><!-- [et_pb_line_break_holder] -->    if(!correo || !nombre || !rfc || !regimen || !metodo || !monto){<!-- [et_pb_line_break_holder] -->      alert(\"Por favor completa Correo, Nombre\/Raz\u00f3n Social, RFC, R\u00e9gimen, M\u00e9todo de pago y Monto total a facturar.\");<!-- [et_pb_line_break_holder] -->      return;<!-- [et_pb_line_break_holder] -->    }<!-- [et_pb_line_break_holder] --><!-- [et_pb_line_break_holder] -->    sending = true;<!-- [et_pb_line_break_holder] -->    lockButtons(true);<!-- [et_pb_line_break_holder] --><!-- [et_pb_line_break_holder] -->    const texto =<!-- [et_pb_line_break_holder] -->`\ud83d\udcc4 SOLICITUD DE FACTURA (CFDI)<!-- [et_pb_line_break_holder] --><!-- [et_pb_line_break_holder] -->\ud83d\udee1\ufe0f\ud83d\udc40 Cliente: ${nombre}<!-- [et_pb_line_break_holder] -->\ud83d\udce7 Correo: ${correo}<!-- [et_pb_line_break_holder] -->\ud83e\uddfe RFC: ${rfc}<!-- [et_pb_line_break_holder] -->\ud83c\udfdb\ufe0f R\u00e9gimen Fiscal: ${regimen}<!-- [et_pb_line_break_holder] -->\ud83d\udcb3 M\u00e9todo de pago: ${metodo}<!-- [et_pb_line_break_holder] -->\ud83d\udcb0 Monto total a facturar: ${monto} MXN<!-- [et_pb_line_break_holder] -->\ud83d\udcdd Mensaje: ${mensaje || \"Sin mensaje adicional\"}<!-- [et_pb_line_break_holder] --><!-- [et_pb_line_break_holder] -->\ud83d\udcce Nota: Env\u00eda aqu\u00ed tu Ticket\/Nota y tu Constancia Fiscal para completar la solicitud.`;<!-- [et_pb_line_break_holder] --><!-- [et_pb_line_break_holder] -->    window.open(<!-- [et_pb_line_break_holder] -->      \"https:\/\/wa.me\/528110207665?text=\" + encodeURIComponent(texto),<!-- [et_pb_line_break_holder] -->      \"_blank\"<!-- [et_pb_line_break_holder] -->    );<!-- [et_pb_line_break_holder] --><!-- [et_pb_line_break_holder] -->    setMessage(<!-- [et_pb_line_break_holder] -->      \"\u2705\ud83d\udee1\ufe0f\ud83d\udc40 Se abri\u00f3 WhatsApp con tu informaci\u00f3n lista para enviar.<!\u2013- [et_pb_br_holder] -\u2013>\" +<!-- [et_pb_line_break_holder] -->      \"\ud83d\udcce Env\u00eda tu Ticket\/Nota y Constancia Fiscal en el chat.\",<!-- [et_pb_line_break_holder] -->      \"success\"<!-- [et_pb_line_break_holder] -->    );<!-- [et_pb_line_break_holder] --><!-- [et_pb_line_break_holder] -->    clearForm();<!-- [et_pb_line_break_holder] --><!-- [et_pb_line_break_holder] -->    setTimeout(() => {<!-- [et_pb_line_break_holder] -->      sending = false;<!-- [et_pb_line_break_holder] -->      lockButtons(false);<!-- [et_pb_line_break_holder] -->    }, 1200);<!-- [et_pb_line_break_holder] --><!-- [et_pb_line_break_holder] -->  });<!-- [et_pb_line_break_holder] --><!-- [et_pb_line_break_holder] -->});<!-- [et_pb_line_break_holder] --><\/script>[\/et_pb_code][\/et_pb_column][\/et_pb_row][\/et_pb_section]<\/p>\n","protected":false},"excerpt":{"rendered":"","protected":false},"author":2,"featured_media":0,"parent":0,"menu_order":0,"comment_status":"closed","ping_status":"closed","template":"","meta":{"_et_pb_use_builder":"on","_et_pb_old_content":"","_et_gb_content_width":"","footnotes":""},"class_list":["post-423","page","type-page","status-publish","hentry"],"_links":{"self":[{"href":"https:\/\/transporteejecutivomty.com\/en\/wp-json\/wp\/v2\/pages\/423","targetHints":{"allow":["GET"]}}],"collection":[{"href":"https:\/\/transporteejecutivomty.com\/en\/wp-json\/wp\/v2\/pages"}],"about":[{"href":"https:\/\/transporteejecutivomty.com\/en\/wp-json\/wp\/v2\/types\/page"}],"author":[{"embeddable":true,"href":"https:\/\/transporteejecutivomty.com\/en\/wp-json\/wp\/v2\/users\/2"}],"replies":[{"embeddable":true,"href":"https:\/\/transporteejecutivomty.com\/en\/wp-json\/wp\/v2\/comments?post=423"}],"version-history":[{"count":20,"href":"https:\/\/transporteejecutivomty.com\/en\/wp-json\/wp\/v2\/pages\/423\/revisions"}],"predecessor-version":[{"id":1018,"href":"https:\/\/transporteejecutivomty.com\/en\/wp-json\/wp\/v2\/pages\/423\/revisions\/1018"}],"wp:attachment":[{"href":"https:\/\/transporteejecutivomty.com\/en\/wp-json\/wp\/v2\/media?parent=423"}],"curies":[{"name":"wp","href":"https:\/\/api.w.org\/{rel}","templated":true}]}}